{"id":102,"date":"2020-10-11T15:20:29","date_gmt":"2020-10-11T13:20:29","guid":{"rendered":"http:\/\/unpasdecote.asso.fr\/?p=102"},"modified":"2022-12-16T12:37:52","modified_gmt":"2022-12-16T11:37:52","slug":"interventions-musique","status":"publish","type":"page","link":"https:\/\/unpasdecote.asso.fr\/index.php\/interventions-musique\/","title":{"rendered":"Musique &#8211; Eveil Sonore"},"content":{"rendered":"<h3 style=\"text-align: center;\">Un Pas De C\u00f4t\u00e9 propose des interventions Musique et Eveil Sonore au sein des structures.<\/h3>\n<h3 style=\"text-align: center;\">Les interventions peuvent \u00eatre compl\u00e9t\u00e9es par des accueils \u00e0 la journ\u00e9e \u00e0 St L\u00e9zin avec des animations autours de l&rsquo;exposition sonore, des animations cirque ou des spectacles sous le chapiteau.<\/h3>\n<h1 style=\"text-align: center;\"><strong>Public<br \/>\n<\/strong><\/h1>\n<p>Public de toutes structures socio-\u00e9ducatives, ou socio-m\u00e9dicales : , cr\u00eaches, RAM, ALSH, Ecoles, IME, MAS, EPHAD&#8230;<\/p>\n<h1 style=\"text-align: center;\"><strong>Contenu<\/strong><\/h1>\n<p>Les propositions s&rsquo;adaptent aux publics et au projets des structures.<\/p>\n<p>Sous formes ludiques les interventions permettent aussi bien d&rsquo;appr\u00e9hender la musique de fa\u00e7on accessible que de cr\u00e9er des temps collectifs de partages.<\/p>\n<h3 style=\"text-align: center;\"><strong>Disciplines<\/strong><\/h3>\n<p>D\u00c9COUVERTE ET PRATIQUE\u00a0 D&rsquo;INSTRUMENTS Percussions \u2022 cordes \u2022 vents \u2022 cuivres<\/p>\n<p>CHANT : Chorale \u2022 chants du monde&#8230;<\/p>\n<p>CR\u00c9ATION.\u00a0 Contes sonores \u2022 spectacles de fin d&rsquo;ann\u00e9e (possibilit\u00e9 de projets pluridisciplinaires)<\/p>\n<p>LUTHERIE SAUVAGE Fabrication d&rsquo;instruments \u00e0 partir de r\u00e9cup\u00e9ration.<\/p>\n<p>&nbsp;<\/p>\n<p>&nbsp;<\/p>\n","protected":false},"excerpt":{"rendered":"<p>Un Pas De C\u00f4t\u00e9 propose des interventions Musique et Eveil Sonore au sein des structures. Les interventions peuvent \u00eatre compl\u00e9t\u00e9es par des accueils \u00e0 la &hellip; <\/p>\n","protected":false},"author":1,"featured_media":103,"parent":0,"menu_order":0,"comment_status":"closed","ping_status":"open","template":"","meta":{"footnotes":""},"class_list":["post-102","page","type-page","status-publish","has-post-thumbnail","hentry"],"_links":{"self":[{"href":"https:\/\/unpasdecote.asso.fr\/index.php\/wp-json\/wp\/v2\/pages\/102","targetHints":{"allow":["GET"]}}],"collection":[{"href":"https:\/\/unpasdecote.asso.fr\/index.php\/wp-json\/wp\/v2\/pages"}],"about":[{"href":"https:\/\/unpasdecote.asso.fr\/index.php\/wp-json\/wp\/v2\/types\/page"}],"author":[{"embeddable":true,"href":"https:\/\/unpasdecote.asso.fr\/index.php\/wp-json\/wp\/v2\/users\/1"}],"replies":[{"embeddable":true,"href":"https:\/\/unpasdecote.asso.fr\/index.php\/wp-json\/wp\/v2\/comments?post=102"}],"version-history":[{"count":9,"href":"https:\/\/unpasdecote.asso.fr\/index.php\/wp-json\/wp\/v2\/pages\/102\/revisions"}],"predecessor-version":[{"id":736,"href":"https:\/\/unpasdecote.asso.fr\/index.php\/wp-json\/wp\/v2\/pages\/102\/revisions\/736"}],"wp:featuredmedia":[{"embeddable":true,"href":"https:\/\/unpasdecote.asso.fr\/index.php\/wp-json\/wp\/v2\/media\/103"}],"wp:attachment":[{"href":"https:\/\/unpasdecote.asso.fr\/index.php\/wp-json\/wp\/v2\/media?parent=102"}],"curies":[{"name":"wp","href":"https:\/\/api.w.org\/{rel}","templated":true}]}}