{"id":1026,"date":"2023-03-20T10:33:12","date_gmt":"2023-03-20T09:33:12","guid":{"rendered":"http:\/\/unpasdecote.asso.fr\/?page_id=1026"},"modified":"2025-05-26T11:12:52","modified_gmt":"2025-05-26T09:12:52","slug":"le-bar-da-cote","status":"publish","type":"page","link":"https:\/\/unpasdecote.asso.fr\/index.php\/le-bar-da-cote\/","title":{"rendered":"Le Bar d&rsquo;\u00e0 C\u00f4t\u00e9"},"content":{"rendered":"\t\t<div data-elementor-type=\"wp-page\" data-elementor-id=\"1026\" class=\"elementor elementor-1026\">\n\t\t\t\t<div class=\"elementor-element elementor-element-69ab91f3 e-flex e-con-boxed e-con e-parent\" data-id=\"69ab91f3\" data-element_type=\"container\" data-e-type=\"container\">\n\t\t\t\t\t<div class=\"e-con-inner\">\n\t\t\t\t<div class=\"elementor-element elementor-element-29f5a02 elementor-widget elementor-widget-video\" data-id=\"29f5a02\" data-element_type=\"widget\" data-e-type=\"widget\" data-settings=\"{&quot;youtube_url&quot;:&quot;https:\\\/\\\/youtube.com\\\/shorts\\\/SyEJscHw5Rc&quot;,&quot;video_type&quot;:&quot;youtube&quot;,&quot;controls&quot;:&quot;yes&quot;}\" data-widget_type=\"video.default\">\n\t\t\t\t<div class=\"elementor-widget-container\">\n\t\t\t\t\t\t\t<div class=\"elementor-wrapper elementor-open-inline\">\n\t\t\t<div class=\"elementor-video\"><\/div>\t\t<\/div>\n\t\t\t\t\t\t<\/div>\n\t\t\t\t<\/div>\n\t\t\t\t<div class=\"elementor-element elementor-element-61ddd9b7 elementor-widget elementor-widget-text-editor\" data-id=\"61ddd9b7\" data-element_type=\"widget\" data-e-type=\"widget\" data-widget_type=\"text-editor.default\">\n\t\t\t\t<div class=\"elementor-widget-container\">\n\t\t\t\t\t\t\t\t\t<div class=\"\" dir=\"auto\">\n<div class=\"\" dir=\"auto\">\n<div class=\"x1iorvi4 x1pi30zi x1swvt13 x1l90r2v\" data-ad-comet-preview=\"message\" data-ad-preview=\"message\">\n<div class=\"x78zum5 xdt5ytf xz62fqu x16ldp7u\">\n<div class=\"xu06os2 x1ok221b\">\n<div class=\"x11i5rnm xat24cr x1mh8g0r x1vvkbs xdj266r x126k92a\">\n<h3 dir=\"auto\"><strong>Tous les vendredis du 4 avril au 4 juillet et du 29 ao\u00fbt au 19 septembre 2025<\/strong>,<\/h3>\n<h3 dir=\"auto\">on ouvre le Bar d\u2019\u00e0 C\u00f4t\u00e9 du chapiteau de 17h \u00e0 21h30 ! A St L\u00e9zin.<\/h3>\n<\/div>\n<div class=\"x11i5rnm xat24cr x1mh8g0r x1vvkbs xtlvy1s x126k92a\">\n<div dir=\"auto\">\n\nA la carte, bi\u00e8res, vins et soft. Go\u00fbters et Restauration l\u00e9g\u00e8re.\n\n<\/div>\n<\/div>\n<div class=\"x11i5rnm xat24cr x1mh8g0r x1vvkbs xtlvy1s x126k92a\">\n<div dir=\"auto\">\n\nVous y retrouverez parfois la programmation de la saison sous chapiteau, des jeux de soci\u00e9t\u00e9, un petit march\u00e9 de producteurs ou juste le plaisir d&rsquo;un espace convivial o\u00f9 boire un coup.\n\n&nbsp;\n\n&nbsp;\n\n<\/div>\n<\/div>\n<div dir=\"auto\">\n\n<img fetchpriority=\"high\" decoding=\"async\" class=\"alignnone size-full wp-image-1131\" src=\"https:\/\/unpasdecote.asso.fr\/wp-content\/uploads\/2023\/06\/bar-nuit-tombante.jpg\" alt=\"\" width=\"2048\" height=\"1244\" srcset=\"https:\/\/unpasdecote.asso.fr\/wp-content\/uploads\/2023\/06\/bar-nuit-tombante.jpg 2048w, https:\/\/unpasdecote.asso.fr\/wp-content\/uploads\/2023\/06\/bar-nuit-tombante-300x182.jpg 300w, https:\/\/unpasdecote.asso.fr\/wp-content\/uploads\/2023\/06\/bar-nuit-tombante-1024x622.jpg 1024w, https:\/\/unpasdecote.asso.fr\/wp-content\/uploads\/2023\/06\/bar-nuit-tombante-768x467.jpg 768w, https:\/\/unpasdecote.asso.fr\/wp-content\/uploads\/2023\/06\/bar-nuit-tombante-1536x933.jpg 1536w, https:\/\/unpasdecote.asso.fr\/wp-content\/uploads\/2023\/06\/bar-nuit-tombante-445x270.jpg 445w, https:\/\/unpasdecote.asso.fr\/wp-content\/uploads\/2023\/06\/bar-nuit-tombante-1320x802.jpg 1320w\" sizes=\"(max-width: 2048px) 100vw, 2048px\" \/>\n\n&nbsp;\n\n<\/div>\n<\/div>\n<\/div>\n<\/div>\n<\/div>\n<\/div>\t\t\t\t\t\t\t\t<\/div>\n\t\t\t\t<\/div>\n\t\t\t\t\t<\/div>\n\t\t\t\t<\/div>\n\t\t\t\t<\/div>\n\t\t","protected":false},"excerpt":{"rendered":"<p>Tous les vendredis du 4 avril au 4 juillet et du 29 ao\u00fbt au 19 septembre 2025, on ouvre le Bar d\u2019\u00e0 C\u00f4t\u00e9 du chapiteau &hellip; <\/p>\n","protected":false},"author":1,"featured_media":1027,"parent":0,"menu_order":0,"comment_status":"closed","ping_status":"closed","template":"","meta":{"footnotes":""},"class_list":["post-1026","page","type-page","status-publish","has-post-thumbnail","hentry"],"_links":{"self":[{"href":"https:\/\/unpasdecote.asso.fr\/index.php\/wp-json\/wp\/v2\/pages\/1026","targetHints":{"allow":["GET"]}}],"collection":[{"href":"https:\/\/unpasdecote.asso.fr\/index.php\/wp-json\/wp\/v2\/pages"}],"about":[{"href":"https:\/\/unpasdecote.asso.fr\/index.php\/wp-json\/wp\/v2\/types\/page"}],"author":[{"embeddable":true,"href":"https:\/\/unpasdecote.asso.fr\/index.php\/wp-json\/wp\/v2\/users\/1"}],"replies":[{"embeddable":true,"href":"https:\/\/unpasdecote.asso.fr\/index.php\/wp-json\/wp\/v2\/comments?post=1026"}],"version-history":[{"count":13,"href":"https:\/\/unpasdecote.asso.fr\/index.php\/wp-json\/wp\/v2\/pages\/1026\/revisions"}],"predecessor-version":[{"id":2146,"href":"https:\/\/unpasdecote.asso.fr\/index.php\/wp-json\/wp\/v2\/pages\/1026\/revisions\/2146"}],"wp:featuredmedia":[{"embeddable":true,"href":"https:\/\/unpasdecote.asso.fr\/index.php\/wp-json\/wp\/v2\/media\/1027"}],"wp:attachment":[{"href":"https:\/\/unpasdecote.asso.fr\/index.php\/wp-json\/wp\/v2\/media?parent=1026"}],"curies":[{"name":"wp","href":"https:\/\/api.w.org\/{rel}","templated":true}]}}