{"id":1296,"date":"2024-01-16T11:36:14","date_gmt":"2024-01-16T10:36:14","guid":{"rendered":"http:\/\/unpasdecote.asso.fr\/?page_id=1296"},"modified":"2024-01-16T11:36:14","modified_gmt":"2024-01-16T10:36:14","slug":"cie-isaurel-cirque-danse","status":"publish","type":"page","link":"https:\/\/unpasdecote.asso.fr\/index.php\/cie-isaurel-cirque-danse\/","title":{"rendered":"Cie Isaurel &#8211; Cirque Dans\u00e9"},"content":{"rendered":"<p>La Cie Isaurel propose des spectacles de cirque dans\u00e9 depuis plus de 15 ans.<br \/>\nApr\u00e8s une pause artistique les voil\u00e0 de retour en 2024. Retrouvez leur prochaines activit\u00e9 sur leur site internet :<\/p>\n<p>https:\/\/isaurel.com\/<\/p>\n","protected":false},"excerpt":{"rendered":"<p>La Cie Isaurel propose des spectacles de cirque dans\u00e9 depuis plus de 15 ans. Apr\u00e8s une pause artistique les voil\u00e0 de retour en 2024. Retrouvez &hellip; <\/p>\n","protected":false},"author":1,"featured_media":0,"parent":0,"menu_order":0,"comment_status":"closed","ping_status":"closed","template":"","meta":{"footnotes":""},"class_list":["post-1296","page","type-page","status-publish","hentry"],"_links":{"self":[{"href":"https:\/\/unpasdecote.asso.fr\/index.php\/wp-json\/wp\/v2\/pages\/1296","targetHints":{"allow":["GET"]}}],"collection":[{"href":"https:\/\/unpasdecote.asso.fr\/index.php\/wp-json\/wp\/v2\/pages"}],"about":[{"href":"https:\/\/unpasdecote.asso.fr\/index.php\/wp-json\/wp\/v2\/types\/page"}],"author":[{"embeddable":true,"href":"https:\/\/unpasdecote.asso.fr\/index.php\/wp-json\/wp\/v2\/users\/1"}],"replies":[{"embeddable":true,"href":"https:\/\/unpasdecote.asso.fr\/index.php\/wp-json\/wp\/v2\/comments?post=1296"}],"version-history":[{"count":1,"href":"https:\/\/unpasdecote.asso.fr\/index.php\/wp-json\/wp\/v2\/pages\/1296\/revisions"}],"predecessor-version":[{"id":1298,"href":"https:\/\/unpasdecote.asso.fr\/index.php\/wp-json\/wp\/v2\/pages\/1296\/revisions\/1298"}],"wp:attachment":[{"href":"https:\/\/unpasdecote.asso.fr\/index.php\/wp-json\/wp\/v2\/media?parent=1296"}],"curies":[{"name":"wp","href":"https:\/\/api.w.org\/{rel}","templated":true}]}}