{"id":1890,"date":"2025-03-17T15:44:20","date_gmt":"2025-03-17T14:44:20","guid":{"rendered":"https:\/\/unpasdecote.asso.fr\/?page_id=1890"},"modified":"2025-03-26T10:34:43","modified_gmt":"2025-03-26T09:34:43","slug":"actu","status":"publish","type":"page","link":"https:\/\/unpasdecote.asso.fr\/","title":{"rendered":"Bienvenue sur le site de l&rsquo;association Un pas de c\u00f4t\u00e9 !"},"content":{"rendered":"\t\t<div data-elementor-type=\"wp-page\" data-elementor-id=\"1890\" class=\"elementor elementor-1890\">\n\t\t\t\t<div class=\"elementor-element elementor-element-8c2230a e-flex e-con-boxed e-con e-parent\" data-id=\"8c2230a\" data-element_type=\"container\" data-e-type=\"container\">\n\t\t\t\t\t<div class=\"e-con-inner\">\n\t\t\t\t<div class=\"elementor-element elementor-element-abde9b9 elementor-widget__width-inherit elementor-widget elementor-widget-shortcode\" data-id=\"abde9b9\" data-element_type=\"widget\" data-e-type=\"widget\" data-widget_type=\"shortcode.default\">\n\t\t\t\t<div class=\"elementor-widget-container\">\n\t\t\t\t\t\t\t<div class=\"elementor-shortcode\"><div id=\"metaslider-id-1914\" style=\"width: 100%;\" class=\"ml-slider-3-103-0 metaslider metaslider-flex metaslider-1914 ml-slider has-dots-nav ms-theme-blend\" role=\"region\" aria-label=\"Slider page d&#039;accueil\" data-height=\"400\" data-width=\"1200\">\n    <div id=\"metaslider_container_1914\">\n        <div id=\"metaslider_1914\">\n            <ul class='slides'>\n                <li style=\"display: block; width: 100%;\" class=\"slide-2352 ms-image \" aria-roledescription=\"slide\" data-date=\"2025-12-08 11:48:32\" data-slide-type=\"image\"><a href=\"https:\/\/unpasdecote.asso.fr\/index.php\/2025\/12\/08\/stage-cirque-fevrier\/\" target=\"_self\" aria-label=\"Voir les d\u00e9tails de la diapositive\" class=\"metaslider_image_link\"><img fetchpriority=\"high\" decoding=\"async\" src=\"https:\/\/unpasdecote.asso.fr\/wp-content\/uploads\/2026\/03\/Copie-de-Stage-DJ-10-au-12-avril.png\" height=\"400\" width=\"1200\" alt=\"\" class=\"slider-1914 slide-2352 msDefaultImage\" title=\"Copie de Stage DJ 10 au 12 avril\" \/><\/a><\/li>\n                <li style=\"display: none; width: 100%;\" class=\"slide-2392 ms-image \" aria-roledescription=\"slide\" data-date=\"2026-02-09 17:36:02\" data-slide-type=\"image\"><a href=\"https:\/\/unpasdecote.asso.fr\/index.php\/2026\/02\/03\/ouverture-de-saison-18-avril\/\" target=\"_self\" aria-label=\"Voir les d\u00e9tails de la diapositive\" class=\"metaslider_image_link\"><img decoding=\"async\" src=\"https:\/\/unpasdecote.asso.fr\/wp-content\/uploads\/2026\/02\/ti-fil-a-linge-1280-x-720-px-1200-x-400-px.png\" height=\"400\" width=\"1200\" alt=\"\" class=\"slider-1914 slide-2392 msDefaultImage\" title=\"ti fil \u00e0 linge (1280 x 720 px) (1200 x 400 px)\" \/><\/a><\/li>\n            <\/ul>\n        <\/div>\n        \n    <\/div>\n<\/div><\/div>\n\t\t\t\t\t\t<\/div>\n\t\t\t\t<\/div>\n\t\t\t\t\t<\/div>\n\t\t\t\t<\/div>\n\t\t<div class=\"elementor-element elementor-element-c0461f6 e-con-full e-flex e-con e-parent\" data-id=\"c0461f6\" data-element_type=\"container\" data-e-type=\"container\">\n\t\t\t\t<div class=\"elementor-element elementor-element-e92c80a elementor-grid-eael-col-3 elementor-widget__width-initial elementor-grid-tablet-eael-col-2 elementor-grid-mobile-eael-col-1 elementor-widget elementor-widget-eael-post-grid\" data-id=\"e92c80a\" data-element_type=\"widget\" data-e-type=\"widget\" data-settings=\"{&quot;eael_post_grid_columns&quot;:&quot;eael-col-3&quot;,&quot;eael_post_grid_columns_tablet&quot;:&quot;eael-col-2&quot;,&quot;eael_post_grid_columns_mobile&quot;:&quot;eael-col-1&quot;}\" data-widget_type=\"eael-post-grid.default\">\n\t\t\t\t<div class=\"elementor-widget-container\">\n\t\t\t\t\t<div id=\"eael-post-grid-e92c80a\" class=\"eael-post-grid-container\">\n            <div class=\"eael-post-grid eael-post-appender eael-post-appender-e92c80a eael-post-grid-style-two\" data-layout-mode=\"grid\"><article class=\"eael-grid-post  eael-post-grid-column eael-pg-post-2526 category-page-daccueil\" data-id=\"2526\">\n    <div class=\"eael-grid-post-holder\">\n        <div class=\"eael-grid-post-holder-inner\"><div class=\"eael-entry-media\"><div class=\"eael-entry-overlay fade-in\"><i class=\"fas fa-long-arrow-alt-right\" aria-hidden=\"true\"><\/i><a href=\"https:\/\/unpasdecote.asso.fr\/index.php\/2026\/03\/27\/on-recrute-2\/\"><\/a><\/div><div class=\"eael-entry-thumbnail eael-image-ratio\">\n                            <img decoding=\"async\" width=\"300\" height=\"121\" src=\"https:\/\/unpasdecote.asso.fr\/wp-content\/uploads\/2026\/03\/recrutement-Publication-Instagram-451-1-300x121.png\" class=\"attachment-medium size-medium wp-image-2529\" alt=\"\" srcset=\"https:\/\/unpasdecote.asso.fr\/wp-content\/uploads\/2026\/03\/recrutement-Publication-Instagram-451-1-300x121.png 300w, https:\/\/unpasdecote.asso.fr\/wp-content\/uploads\/2026\/03\/recrutement-Publication-Instagram-451-1-1024x414.png 1024w, https:\/\/unpasdecote.asso.fr\/wp-content\/uploads\/2026\/03\/recrutement-Publication-Instagram-451-1-768x310.png 768w, https:\/\/unpasdecote.asso.fr\/wp-content\/uploads\/2026\/03\/recrutement-Publication-Instagram-451-1.png 1076w\" sizes=\"(max-width: 300px) 100vw, 300px\" \/>\n                            <\/div>\n                    <\/div><div class=\"eael-entry-wrapper\"><header class=\"eael-entry-header\"><h2 class=\"eael-entry-title\"><a class=\"eael-grid-post-link\" href=\"https:\/\/unpasdecote.asso.fr\/index.php\/2026\/03\/27\/on-recrute-2\/\" title=\"On recrute !\">On recrute !<\/a><\/h2><\/header><div class=\"eael-entry-content\">\n                                <div class=\"eael-grid-post-excerpt\"><p>L&rsquo;annonce...<\/p><\/div>\n                            <\/div><\/div><\/div>\n    <\/div>\n<\/article><article class=\"eael-grid-post  eael-post-grid-column eael-pg-post-2500 category-danse-salsa-bachata-page-daccueil-saison-sous-chapiteau\" data-id=\"2500\">\n    <div class=\"eael-grid-post-holder\">\n        <div class=\"eael-grid-post-holder-inner\"><div class=\"eael-entry-media\"><div class=\"eael-entry-overlay fade-in\"><i class=\"fas fa-long-arrow-alt-right\" aria-hidden=\"true\"><\/i><a href=\"https:\/\/unpasdecote.asso.fr\/index.php\/2026\/03\/06\/stage-danse-orientale-02-05\/\"><\/a><\/div><div class=\"eael-entry-thumbnail eael-image-ratio\">\n                            <img loading=\"lazy\" decoding=\"async\" width=\"250\" height=\"250\" src=\"https:\/\/unpasdecote.asso.fr\/wp-content\/uploads\/2026\/03\/danse-orientale.png\" class=\"attachment-medium size-medium wp-image-2501\" alt=\"\" srcset=\"https:\/\/unpasdecote.asso.fr\/wp-content\/uploads\/2026\/03\/danse-orientale.png 250w, https:\/\/unpasdecote.asso.fr\/wp-content\/uploads\/2026\/03\/danse-orientale-150x150.png 150w\" sizes=\"(max-width: 250px) 100vw, 250px\" \/>\n                            <\/div>\n                    <\/div><div class=\"eael-entry-wrapper\"><header class=\"eael-entry-header\"><h2 class=\"eael-entry-title\"><a class=\"eael-grid-post-link\" href=\"https:\/\/unpasdecote.asso.fr\/index.php\/2026\/03\/06\/stage-danse-orientale-02-05\/\" title=\"Stage danse Orientale 02\/05\">Stage danse Orientale 02\/05<\/a><\/h2><\/header><div class=\"eael-entry-content\">\n                                <div class=\"eael-grid-post-excerpt\"><p>Stage...<\/p><\/div>\n                            <\/div><\/div><\/div>\n    <\/div>\n<\/article><article class=\"eael-grid-post  eael-post-grid-column eael-pg-post-2463 category-page-daccueil-saison-sous-chapiteau\" data-id=\"2463\">\n    <div class=\"eael-grid-post-holder\">\n        <div class=\"eael-grid-post-holder-inner\"><div class=\"eael-entry-media\"><div class=\"eael-entry-overlay fade-in\"><i class=\"fas fa-long-arrow-alt-right\" aria-hidden=\"true\"><\/i><a href=\"https:\/\/unpasdecote.asso.fr\/index.php\/2026\/02\/20\/stage-jonglage-avec-johan-swartvagher-25-26-04\/\"><\/a><\/div><div class=\"eael-entry-thumbnail eael-image-ratio\">\n                            <img loading=\"lazy\" decoding=\"async\" width=\"300\" height=\"300\" src=\"https:\/\/unpasdecote.asso.fr\/wp-content\/uploads\/2026\/02\/hors-champ2-300x300.png\" class=\"attachment-medium size-medium wp-image-2464\" alt=\"\" srcset=\"https:\/\/unpasdecote.asso.fr\/wp-content\/uploads\/2026\/02\/hors-champ2-300x300.png 300w, https:\/\/unpasdecote.asso.fr\/wp-content\/uploads\/2026\/02\/hors-champ2-150x150.png 150w, https:\/\/unpasdecote.asso.fr\/wp-content\/uploads\/2026\/02\/hors-champ2-768x768.png 768w, https:\/\/unpasdecote.asso.fr\/wp-content\/uploads\/2026\/02\/hors-champ2.png 1000w\" sizes=\"(max-width: 300px) 100vw, 300px\" \/>\n                            <\/div>\n                    <\/div><div class=\"eael-entry-wrapper\"><header class=\"eael-entry-header\"><h2 class=\"eael-entry-title\"><a class=\"eael-grid-post-link\" href=\"https:\/\/unpasdecote.asso.fr\/index.php\/2026\/02\/20\/stage-jonglage-avec-johan-swartvagher-25-26-04\/\" title=\"Stage Jonglage avec Johan Swartvagher 25-26\/04\">Stage Jonglage avec Johan Swartvagher 25-26\/04<\/a><\/h2><\/header><div class=\"eael-entry-content\">\n                                <div class=\"eael-grid-post-excerpt\"><p>Dans...<\/p><\/div>\n                            <\/div><\/div><\/div>\n    <\/div>\n<\/article><article class=\"eael-grid-post  eael-post-grid-column eael-pg-post-2459 category-ateliers-page-daccueil\" data-id=\"2459\">\n    <div class=\"eael-grid-post-holder\">\n        <div class=\"eael-grid-post-holder-inner\"><div class=\"eael-entry-media\"><div class=\"eael-entry-overlay fade-in\"><i class=\"fas fa-long-arrow-alt-right\" aria-hidden=\"true\"><\/i><a href=\"https:\/\/unpasdecote.asso.fr\/index.php\/2026\/02\/20\/stage-dj-avril-2026\/\"><\/a><\/div><div class=\"eael-entry-thumbnail eael-image-ratio\">\n                            <img loading=\"lazy\" decoding=\"async\" width=\"300\" height=\"300\" src=\"https:\/\/unpasdecote.asso.fr\/wp-content\/uploads\/2026\/02\/Atelier-Deejaying-et-Musiques-Assistees-par-Ordinateur-Publication-Instagram-300x300.png\" class=\"attachment-medium size-medium wp-image-2460\" alt=\"\" srcset=\"https:\/\/unpasdecote.asso.fr\/wp-content\/uploads\/2026\/02\/Atelier-Deejaying-et-Musiques-Assistees-par-Ordinateur-Publication-Instagram-300x300.png 300w, https:\/\/unpasdecote.asso.fr\/wp-content\/uploads\/2026\/02\/Atelier-Deejaying-et-Musiques-Assistees-par-Ordinateur-Publication-Instagram-1024x1024.png 1024w, https:\/\/unpasdecote.asso.fr\/wp-content\/uploads\/2026\/02\/Atelier-Deejaying-et-Musiques-Assistees-par-Ordinateur-Publication-Instagram-150x150.png 150w, https:\/\/unpasdecote.asso.fr\/wp-content\/uploads\/2026\/02\/Atelier-Deejaying-et-Musiques-Assistees-par-Ordinateur-Publication-Instagram-768x768.png 768w, https:\/\/unpasdecote.asso.fr\/wp-content\/uploads\/2026\/02\/Atelier-Deejaying-et-Musiques-Assistees-par-Ordinateur-Publication-Instagram.png 1080w\" sizes=\"(max-width: 300px) 100vw, 300px\" \/>\n                            <\/div>\n                    <\/div><div class=\"eael-entry-wrapper\"><header class=\"eael-entry-header\"><h2 class=\"eael-entry-title\"><a class=\"eael-grid-post-link\" href=\"https:\/\/unpasdecote.asso.fr\/index.php\/2026\/02\/20\/stage-dj-avril-2026\/\" title=\"Stage DJ Avril 2026\">Stage DJ Avril 2026<\/a><\/h2><\/header><div class=\"eael-entry-content\">\n                                <div class=\"eael-grid-post-excerpt\"><p>Des...<\/p><\/div>\n                            <\/div><\/div><\/div>\n    <\/div>\n<\/article><article class=\"eael-grid-post  eael-post-grid-column eael-pg-post-2379 category-page-daccueil-saison-sous-chapiteau\" data-id=\"2379\">\n    <div class=\"eael-grid-post-holder\">\n        <div class=\"eael-grid-post-holder-inner\"><div class=\"eael-entry-media\"><div class=\"eael-entry-overlay fade-in\"><i class=\"fas fa-long-arrow-alt-right\" aria-hidden=\"true\"><\/i><a href=\"https:\/\/unpasdecote.asso.fr\/index.php\/2026\/02\/03\/ouverture-de-saison-18-avril\/\"><\/a><\/div><div class=\"eael-entry-thumbnail eael-image-ratio\">\n                            <img loading=\"lazy\" decoding=\"async\" width=\"300\" height=\"169\" src=\"https:\/\/unpasdecote.asso.fr\/wp-content\/uploads\/2026\/02\/ti-fil-a-linge-1280-x-720-px-1920-x-1080-px4-300x169.png\" class=\"attachment-medium size-medium wp-image-2390\" alt=\"\" srcset=\"https:\/\/unpasdecote.asso.fr\/wp-content\/uploads\/2026\/02\/ti-fil-a-linge-1280-x-720-px-1920-x-1080-px4-300x169.png 300w, https:\/\/unpasdecote.asso.fr\/wp-content\/uploads\/2026\/02\/ti-fil-a-linge-1280-x-720-px-1920-x-1080-px4-1024x576.png 1024w, https:\/\/unpasdecote.asso.fr\/wp-content\/uploads\/2026\/02\/ti-fil-a-linge-1280-x-720-px-1920-x-1080-px4-768x432.png 768w, https:\/\/unpasdecote.asso.fr\/wp-content\/uploads\/2026\/02\/ti-fil-a-linge-1280-x-720-px-1920-x-1080-px4-1536x864.png 1536w, https:\/\/unpasdecote.asso.fr\/wp-content\/uploads\/2026\/02\/ti-fil-a-linge-1280-x-720-px-1920-x-1080-px4-1320x743.png 1320w, https:\/\/unpasdecote.asso.fr\/wp-content\/uploads\/2026\/02\/ti-fil-a-linge-1280-x-720-px-1920-x-1080-px4.png 1920w\" sizes=\"(max-width: 300px) 100vw, 300px\" \/>\n                            <\/div>\n                    <\/div><div class=\"eael-entry-wrapper\"><header class=\"eael-entry-header\"><h2 class=\"eael-entry-title\"><a class=\"eael-grid-post-link\" href=\"https:\/\/unpasdecote.asso.fr\/index.php\/2026\/02\/03\/ouverture-de-saison-18-avril\/\" title=\"Ouverture de saison 18 avril\">Ouverture de saison 18 avril<\/a><\/h2><\/header><div class=\"eael-entry-content\">\n                                <div class=\"eael-grid-post-excerpt\"><p>Une...<\/p><\/div>\n                            <\/div><\/div><\/div>\n    <\/div>\n<\/article><article class=\"eael-grid-post  eael-post-grid-column eael-pg-post-2343 category-page-daccueil-stages-enfants tags-chapiteau-cirque\" data-id=\"2343\">\n    <div class=\"eael-grid-post-holder\">\n        <div class=\"eael-grid-post-holder-inner\"><div class=\"eael-entry-media\"><div class=\"eael-entry-overlay fade-in\"><i class=\"fas fa-long-arrow-alt-right\" aria-hidden=\"true\"><\/i><a href=\"https:\/\/unpasdecote.asso.fr\/index.php\/2025\/12\/08\/stage-cirque-fevrier\/\"><\/a><\/div><div class=\"eael-entry-thumbnail eael-image-ratio\">\n                            <img loading=\"lazy\" decoding=\"async\" width=\"300\" height=\"128\" src=\"https:\/\/unpasdecote.asso.fr\/wp-content\/uploads\/2025\/12\/1-3-300x128.png\" class=\"attachment-medium size-medium wp-image-2518\" alt=\"\" srcset=\"https:\/\/unpasdecote.asso.fr\/wp-content\/uploads\/2025\/12\/1-3-300x128.png 300w, https:\/\/unpasdecote.asso.fr\/wp-content\/uploads\/2025\/12\/1-3-768x327.png 768w, https:\/\/unpasdecote.asso.fr\/wp-content\/uploads\/2025\/12\/1-3.png 940w\" sizes=\"(max-width: 300px) 100vw, 300px\" \/>\n                            <\/div>\n                    <\/div><div class=\"eael-entry-wrapper\"><header class=\"eael-entry-header\"><h2 class=\"eael-entry-title\"><a class=\"eael-grid-post-link\" href=\"https:\/\/unpasdecote.asso.fr\/index.php\/2025\/12\/08\/stage-cirque-fevrier\/\" title=\"Stage Cirque Avril\">Stage Cirque Avril<\/a><\/h2><\/header><div class=\"eael-entry-content\">\n                                <div class=\"eael-grid-post-excerpt\"><p>\u00a0<\/p><\/div>\n                            <\/div><\/div><\/div>\n    <\/div>\n<\/article><article class=\"eael-grid-post  eael-post-grid-column eael-pg-post-2133 category-ateliers-ateliers-arts-du-cirque-non-classe-page-daccueil\" data-id=\"2133\">\n    <div class=\"eael-grid-post-holder\">\n        <div class=\"eael-grid-post-holder-inner\"><div class=\"eael-entry-media\"><div class=\"eael-entry-overlay fade-in\"><i class=\"fas fa-long-arrow-alt-right\" aria-hidden=\"true\"><\/i><a href=\"https:\/\/unpasdecote.asso.fr\/index.php\/2025\/05\/19\/ateliers-cirque-2025-2026\/\"><\/a><\/div><div class=\"eael-entry-thumbnail eael-image-ratio\">\n                            <img loading=\"lazy\" decoding=\"async\" width=\"300\" height=\"180\" src=\"https:\/\/unpasdecote.asso.fr\/wp-content\/uploads\/2025\/05\/A7403139-300x180.jpg\" class=\"attachment-medium size-medium wp-image-2267\" alt=\"\" srcset=\"https:\/\/unpasdecote.asso.fr\/wp-content\/uploads\/2025\/05\/A7403139-300x180.jpg 300w, https:\/\/unpasdecote.asso.fr\/wp-content\/uploads\/2025\/05\/A7403139-1024x616.jpg 1024w, https:\/\/unpasdecote.asso.fr\/wp-content\/uploads\/2025\/05\/A7403139-768x462.jpg 768w, https:\/\/unpasdecote.asso.fr\/wp-content\/uploads\/2025\/05\/A7403139-1536x924.jpg 1536w, https:\/\/unpasdecote.asso.fr\/wp-content\/uploads\/2025\/05\/A7403139-2048x1232.jpg 2048w, https:\/\/unpasdecote.asso.fr\/wp-content\/uploads\/2025\/05\/A7403139-890x530.jpg 890w, https:\/\/unpasdecote.asso.fr\/wp-content\/uploads\/2025\/05\/A7403139-445x265.jpg 445w, https:\/\/unpasdecote.asso.fr\/wp-content\/uploads\/2025\/05\/A7403139-1320x794.jpg 1320w\" sizes=\"(max-width: 300px) 100vw, 300px\" \/>\n                            <\/div>\n                    <\/div><div class=\"eael-entry-wrapper\"><header class=\"eael-entry-header\"><h2 class=\"eael-entry-title\"><a class=\"eael-grid-post-link\" href=\"https:\/\/unpasdecote.asso.fr\/index.php\/2025\/05\/19\/ateliers-cirque-2025-2026\/\" title=\"Ateliers Cirque 2025-2026\">Ateliers Cirque 2025-2026<\/a><\/h2><\/header><div class=\"eael-entry-content\">\n                                <div class=\"eael-grid-post-excerpt\"><p>&nbsp;...<\/p><\/div>\n                            <\/div><\/div><\/div>\n    <\/div>\n<\/article><article class=\"eael-grid-post  eael-post-grid-column eael-pg-post-2169 category-ateliers-ateliers-arts-du-cirque-page-daccueil-stages-enfants\" data-id=\"2169\">\n    <div class=\"eael-grid-post-holder\">\n        <div class=\"eael-grid-post-holder-inner\"><div class=\"eael-entry-wrapper\"><header class=\"eael-entry-header\"><h2 class=\"eael-entry-title\"><a class=\"eael-grid-post-link\" href=\"https:\/\/unpasdecote.asso.fr\/index.php\/2025\/06\/11\/ateliers-cirque-parents-enfants-2025-2026\/\" title=\"Ateliers cirque parents-enfants 2025 2026\">Ateliers cirque parents-enfants 2025 2026<\/a><\/h2><\/header><div class=\"eael-entry-content\">\n                                <div class=\"eael-grid-post-excerpt\"><p>Inscriptions...<\/p><\/div>\n                            <\/div><\/div><\/div>\n    <\/div>\n<\/article><article class=\"eael-grid-post  eael-post-grid-column eael-pg-post-483 category-evenements-adhesions-benevolat-dons-lasso-page-daccueil\" data-id=\"483\">\n    <div class=\"eael-grid-post-holder\">\n        <div class=\"eael-grid-post-holder-inner\"><div class=\"eael-entry-media\"><div class=\"eael-entry-overlay fade-in\"><i class=\"fas fa-long-arrow-alt-right\" aria-hidden=\"true\"><\/i><a href=\"https:\/\/unpasdecote.asso.fr\/index.php\/2025\/02\/12\/benevoles-evenements\/\"><\/a><\/div><div class=\"eael-entry-thumbnail eael-image-ratio\">\n                            <img loading=\"lazy\" decoding=\"async\" width=\"300\" height=\"300\" src=\"https:\/\/unpasdecote.asso.fr\/wp-content\/uploads\/2025\/02\/437523959_10225515684498995_3501231325432554842_n-300x300.jpg\" class=\"attachment-medium size-medium wp-image-1757\" alt=\"\" srcset=\"https:\/\/unpasdecote.asso.fr\/wp-content\/uploads\/2025\/02\/437523959_10225515684498995_3501231325432554842_n-300x300.jpg 300w, https:\/\/unpasdecote.asso.fr\/wp-content\/uploads\/2025\/02\/437523959_10225515684498995_3501231325432554842_n-1024x1024.jpg 1024w, https:\/\/unpasdecote.asso.fr\/wp-content\/uploads\/2025\/02\/437523959_10225515684498995_3501231325432554842_n-150x150.jpg 150w, https:\/\/unpasdecote.asso.fr\/wp-content\/uploads\/2025\/02\/437523959_10225515684498995_3501231325432554842_n-768x768.jpg 768w, https:\/\/unpasdecote.asso.fr\/wp-content\/uploads\/2025\/02\/437523959_10225515684498995_3501231325432554842_n-270x270.jpg 270w, https:\/\/unpasdecote.asso.fr\/wp-content\/uploads\/2025\/02\/437523959_10225515684498995_3501231325432554842_n.jpg 1080w\" sizes=\"(max-width: 300px) 100vw, 300px\" \/>\n                            <\/div>\n                    <\/div><div class=\"eael-entry-wrapper\"><header class=\"eael-entry-header\"><h2 class=\"eael-entry-title\"><a class=\"eael-grid-post-link\" href=\"https:\/\/unpasdecote.asso.fr\/index.php\/2025\/02\/12\/benevoles-evenements\/\" title=\"B\u00e9n\u00e9voles \u00e9v\u00e9nements 2026\">B\u00e9n\u00e9voles \u00e9v\u00e9nements 2026<\/a><\/h2><\/header><div class=\"eael-entry-content\">\n                                <div class=\"eael-grid-post-excerpt\"><p>Rejoignez...<\/p><\/div>\n                            <\/div><\/div><\/div>\n    <\/div>\n<\/article><\/div>\n            <div class=\"clearfix\"><\/div>\n        <\/div>            <div class=\"eael-load-more-button-wrap eael-infinity-scroll\" data-offset=\"-200\">\n                <button class=\"eael-load-more-button\" id=\"eael-load-more-btn-e92c80a\" data-widget-id=\"e92c80a\" data-widget=\"e92c80a\" data-page-id=\"1890\" data-template=\"{&quot;dir&quot;:&quot;lite&quot;,&quot;file_name&quot;:&quot;two.php&quot;,&quot;name&quot;:&quot;Post-Grid&quot;}\" data-class=\"Essential_Addons_Elementor\\Elements\\Post_Grid\" data-layout=\"grid\" data-page=\"1\" data-args=\"orderby=menu_order&amp;order=asc&amp;ignore_sticky_posts=1&amp;post_status=publish&amp;posts_per_page=9&amp;offset=0&amp;post_type=post&amp;tax_query%5B0%5D%5Btaxonomy%5D=category&amp;tax_query%5B0%5D%5Bfield%5D=term_id&amp;tax_query%5B0%5D%5Bterms%5D%5B0%5D=85&amp;tax_query%5Brelation%5D=AND\" data-max-page=\"2\">\n                    <span class=\"eael-btn-loader button__loader\"><\/span>\n                    <span class=\"eael_load_more_text\">Load More<\/span>\n                <\/button>\n            <\/div>\n            \t\t\t\t<\/div>\n\t\t\t\t<\/div>\n\t\t\t\t<\/div>\n\t\t\t\t<\/div>\n\t\t","protected":false},"excerpt":{"rendered":"<p>Ouverture de saison avec les Clarkiis 11\/04\/2025&#8230; Exp Low. Sortie de r\u00e9sidence, 20 h. 18\/04\/2025&#8230; Stage Cirque Avril 7-11\/04&#8230; Stage DJ et M.A.O 10-12\/04&#8230; On &hellip; <\/p>\n","protected":false},"author":1,"featured_media":0,"parent":0,"menu_order":0,"comment_status":"closed","ping_status":"closed","template":"","meta":{"footnotes":""},"class_list":["post-1890","page","type-page","status-publish","hentry"],"_links":{"self":[{"href":"https:\/\/unpasdecote.asso.fr\/index.php\/wp-json\/wp\/v2\/pages\/1890","targetHints":{"allow":["GET"]}}],"collection":[{"href":"https:\/\/unpasdecote.asso.fr\/index.php\/wp-json\/wp\/v2\/pages"}],"about":[{"href":"https:\/\/unpasdecote.asso.fr\/index.php\/wp-json\/wp\/v2\/types\/page"}],"author":[{"embeddable":true,"href":"https:\/\/unpasdecote.asso.fr\/index.php\/wp-json\/wp\/v2\/users\/1"}],"replies":[{"embeddable":true,"href":"https:\/\/unpasdecote.asso.fr\/index.php\/wp-json\/wp\/v2\/comments?post=1890"}],"version-history":[{"count":23,"href":"https:\/\/unpasdecote.asso.fr\/index.php\/wp-json\/wp\/v2\/pages\/1890\/revisions"}],"predecessor-version":[{"id":2085,"href":"https:\/\/unpasdecote.asso.fr\/index.php\/wp-json\/wp\/v2\/pages\/1890\/revisions\/2085"}],"wp:attachment":[{"href":"https:\/\/unpasdecote.asso.fr\/index.php\/wp-json\/wp\/v2\/media?parent=1890"}],"curies":[{"name":"wp","href":"https:\/\/api.w.org\/{rel}","templated":true}]}}