{"id":1994,"date":"2025-03-19T15:36:32","date_gmt":"2025-03-19T14:36:32","guid":{"rendered":"https:\/\/unpasdecote.asso.fr\/?page_id=1994"},"modified":"2026-04-09T16:50:14","modified_gmt":"2026-04-09T14:50:14","slug":"accueil-de-loisirs","status":"publish","type":"page","link":"https:\/\/unpasdecote.asso.fr\/index.php\/accueil-de-loisirs\/","title":{"rendered":"Accueil de Loisirs"},"content":{"rendered":"\t\t<div data-elementor-type=\"wp-page\" data-elementor-id=\"1994\" class=\"elementor elementor-1994\">\n\t\t\t\t<div class=\"elementor-element elementor-element-4a304b3 e-flex e-con-boxed e-con e-parent\" data-id=\"4a304b3\" data-element_type=\"container\" data-e-type=\"container\">\n\t\t\t\t\t<div class=\"e-con-inner\">\n\t\t\t\t<div class=\"elementor-element elementor-element-fe36579 elementor-widget elementor-widget-image\" data-id=\"fe36579\" data-element_type=\"widget\" data-e-type=\"widget\" data-widget_type=\"image.default\">\n\t\t\t\t<div class=\"elementor-widget-container\">\n\t\t\t\t\t\t\t\t\t\t\t\t\t\t\t<img fetchpriority=\"high\" decoding=\"async\" width=\"581\" height=\"199\" src=\"https:\/\/unpasdecote.asso.fr\/wp-content\/uploads\/2025\/03\/ALSH-St-Lezin.png\" class=\"attachment-large size-large wp-image-2000\" alt=\"\" srcset=\"https:\/\/unpasdecote.asso.fr\/wp-content\/uploads\/2025\/03\/ALSH-St-Lezin.png 581w, https:\/\/unpasdecote.asso.fr\/wp-content\/uploads\/2025\/03\/ALSH-St-Lezin-300x103.png 300w\" sizes=\"(max-width: 581px) 100vw, 581px\" \/>\t\t\t\t\t\t\t\t\t\t\t\t\t\t\t<\/div>\n\t\t\t\t<\/div>\n\t\t\t\t<div class=\"elementor-element elementor-element-c4ff4c4 elementor-widget elementor-widget-text-editor\" data-id=\"c4ff4c4\" data-element_type=\"widget\" data-e-type=\"widget\" data-widget_type=\"text-editor.default\">\n\t\t\t\t<div class=\"elementor-widget-container\">\n\t\t\t\t\t\t\t\t\t<h1 class=\"ace-line\" spellcheck=\"true\" aria-live=\"assertive\"><span class=\"author-a-3z68z8z70zz68zz72zdpjrz77zz87zz66zpz73zs b\"><b>Cirque, musique, bricolage, nature, four \u00e0 bois&#8230; ALSH au Chapiteau 2026 !<\/b><\/span>\u00a03-11 ans<\/h1><div spellcheck=\"true\" aria-live=\"assertive\">\u00a0<\/div><div spellcheck=\"true\" aria-live=\"assertive\">\u00a0<\/div><div spellcheck=\"true\" aria-live=\"assertive\">T\u00e9l\u00e9chargez la plaquette : <a href=\"https:\/\/unpasdecote.asso.fr\/wp-content\/uploads\/2026\/04\/ALSH-St-Lezin.pdf\">ALSH St L\u00e9zin<\/a><\/div><div spellcheck=\"true\" aria-live=\"assertive\">\u00a0<\/div><div id=\"magicdomid406\" class=\"ace-line\" spellcheck=\"true\" aria-live=\"assertive\"><span class=\"author-a-3z68z8z70zz68zz72zdpjrz77zz87zz66zpz73zs\">L&rsquo;Accueil de Loisirs ouvre ses portes pour 4 semaines autour du chapiteau du<strong> 6 juillet au 31 juillet pour les enfants de 3 \u00e0 11 ans.<\/strong><br \/><\/span><\/div><div spellcheck=\"true\" aria-live=\"assertive\">\u00a0<\/div><div id=\"magicdomid407\" class=\"ace-line\" spellcheck=\"true\" aria-live=\"assertive\"><span class=\"author-a-3z68z8z70zz68zz72zdpjrz77zz87zz66zpz73zs\">Tous les jours les enfants choisissent leurs activit\u00e9s lors du KiIf\u00e9koi avec leur<\/span><span class=\"author-a-tz73zz83zz84z2z85zadz76zz83zst0yj5\">s<\/span><span class=\"author-a-3z68z8z70zz68zz72zdpjrz77zz87zz66zpz73zs\"> propositions et celle<\/span><span class=\"author-a-tz73zz83zz84z2z85zadz76zz83zst0yj5\">s<\/span><span class=\"author-a-3z68z8z70zz68zz72zdpjrz77zz87zz66zpz73zs\"> de: l&rsquo;\u00e9quipe d&rsquo;animation : <\/span><span class=\"author-a-3z68z8z70zz68zz72zdpjrz77zz87zz66zpz73zs b\"><b>Cirque, musique, bricolage, nature, four \u00e0 bois, cabanes&#8230;\u00a0<\/b><\/span><span class=\"author-a-3z68z8z70zz68zz72zdpjrz77zz87zz66zpz73zs\">\u00a0<\/span><\/div><div id=\"magicdomid408\" class=\"ace-line\" spellcheck=\"true\" aria-live=\"assertive\"><p><span class=\"author-a-3z68z8z70zz68zz72zdpjrz77zz87zz66zpz73zs\">Mais aussi des grands jeux avec les enfants accueillis en camps sur le Domaine, des coins d\u00e9tentes&#8230;<\/span><\/p><h2><b>Horaires<\/b><\/h2><p>L\u2019accueil est ouvert de<strong> 9h \u00e0 17h. <\/strong>Un p\u00e9ri-centre est possible sur inscription de <strong>8h \u00e0 9h et de 17h \u00e0 18h.<\/strong> Possibilit\u00e9 de venir des demi-journ\u00e9es ou journ\u00e9es compl\u00e8tes avec ou sans le temps du repas.<\/p><p><span style=\"font-size: 27px;\"><strong>Les Nuit\u00e9es. 8 et 15 juillet<\/strong><\/span><\/p><p class=\"cvGsUA direction-ltr align-start para-style-body\"><span class=\"OYPEnA font-feature-liga-off font-feature-clig-off font-feature-calt-off text-decoration-none text-strikethrough-none\">Cette ann\u00e9e nous proposons des nuit\u00e9es sous tentes ou cabanes au Domaine Culturel.<\/span><\/p><p class=\"cvGsUA direction-ltr align-start para-style-body\"><span class=\"OYPEnA font-feature-liga-off font-feature-clig-off font-feature-calt-off text-decoration-none text-strikethrough-none\">L\u2019occasion de passer une nuit avec les copains\/copines<\/span><\/p><p class=\"cvGsUA direction-ltr align-start para-style-body\"><span class=\"OYPEnA font-feature-liga-off font-feature-clig-off font-feature-calt-off text-decoration-none text-strikethrough-none\">Tu profiteras d\u2019une veill\u00e9e spectacle sous le chapiteau d\u2019un bon repas et du petit d\u00e9jeuner.<\/span><\/p><h2><b>Les inscriptions<\/b><\/h2><p>02 41 55 48 66 info@unpasdecote.asso.fr<\/p><p><a href=\"https:\/\/unpasdecote.asso.fr\/wp-content\/uploads\/2025\/04\/ALSH-Fiche-Sanitaire-2025.pdf\">ALSH Fiche Sanitaire 2025 pdf<\/a> \u00a0 \u00a0 \u00a0 \u00a0 \u00a0 <a href=\"https:\/\/unpasdecote.asso.fr\/wp-content\/uploads\/2025\/04\/ALSH-Fiche-Sanitaire-2025.docx\">ALSH Fiche Sanitaire 2025 doc<\/a>\u00a0<\/p><p>PDF : <a href=\"https:\/\/unpasdecote.asso.fr\/wp-content\/uploads\/2025\/04\/ALSH-FICHE-INSCRIPTION-2025-1.pdf\">ALSH FICHE INSCRIPTION 2025<\/a> <a href=\"https:\/\/unpasdecote.asso.fr\/wp-content\/uploads\/2025\/04\/ALSH-FICHE-INSCRIPTION-2025-1.docx\">\u00a0\u00a0\u00a0\u00a0\u00a0\u00a0 DOC : ALSH FICHE INSCRIPTION 2025<\/a><\/p><h2><b><img decoding=\"async\" class=\"alignnone size-full wp-image-2138\" src=\"https:\/\/unpasdecote.asso.fr\/wp-content\/uploads\/2025\/05\/4.png\" alt=\"\" width=\"1329\" height=\"1095\" srcset=\"https:\/\/unpasdecote.asso.fr\/wp-content\/uploads\/2025\/05\/4.png 1329w, https:\/\/unpasdecote.asso.fr\/wp-content\/uploads\/2025\/05\/4-300x247.png 300w, https:\/\/unpasdecote.asso.fr\/wp-content\/uploads\/2025\/05\/4-1024x844.png 1024w, https:\/\/unpasdecote.asso.fr\/wp-content\/uploads\/2025\/05\/4-768x633.png 768w, https:\/\/unpasdecote.asso.fr\/wp-content\/uploads\/2025\/05\/4-1320x1088.png 1320w\" sizes=\"(max-width: 1329px) 100vw, 1329px\" \/><br \/>Le lieu<\/b><\/h2><p class=\"western\">L&rsquo;Accueil se fait au Domaine Culturel de St L\u00e9zin pr\u00e8s du chapiteau.<\/p><h1><strong>Les activit\u00e9s de l\u2019accueil de loisirs<\/strong><\/h1><h3><strong>Activit\u00e9s diverses<\/strong><\/h3><p>L\u2019\u00e9quipe d\u2019animation proposera des activit\u00e9s vari\u00e9es et adapt\u00e9es aux diff\u00e9rentes tranche d\u2019\u00e2ge : grand jeux, jeux de soci\u00e9t\u00e9, lecture,\u00a0 sports, activit\u00e9s manuelles,\u2026 ainsi que des activit\u00e9s sp\u00e9cifiques :<\/p><h2><b>Arts du cirque 4-6 ans et 7-11 ans<img decoding=\"async\" class=\"alignright wp-image-65 size-medium\" src=\"https:\/\/unpasdecote.asso.fr\/wp-content\/uploads\/2020\/11\/enfant-boule-300x287.jpg\" alt=\"Stages cirque\" width=\"300\" height=\"287\" srcset=\"https:\/\/unpasdecote.asso.fr\/wp-content\/uploads\/2020\/11\/enfant-boule-300x287.jpg 300w, https:\/\/unpasdecote.asso.fr\/wp-content\/uploads\/2020\/11\/enfant-boule-282x270.jpg 282w, https:\/\/unpasdecote.asso.fr\/wp-content\/uploads\/2020\/11\/enfant-boule.jpg 427w\" sizes=\"(max-width: 300px) 100vw, 300px\" \/><\/b><\/h2><p>D\u00e9couverte des arts du cirque\u00a0: \u00e9quilibre sur objet, a\u00e9rien, jonglage, acrobatie et jeux d\u2019expressions. En salle de sports, ext\u00e9rieur et chapiteau selon les jours.<\/p><h3>\u00a0<\/h3><h3>\u00a0<\/h3><h2><b><img loading=\"lazy\" decoding=\"async\" class=\"alignleft wp-image-204 size-medium\" src=\"https:\/\/unpasdecote.asso.fr\/wp-content\/uploads\/2021\/03\/153622997_3682080471828059_5183584338603994577_n-228x300.jpg\" alt=\"Atelier de Bric et de Broc\" width=\"228\" height=\"300\" srcset=\"https:\/\/unpasdecote.asso.fr\/wp-content\/uploads\/2021\/03\/153622997_3682080471828059_5183584338603994577_n-228x300.jpg 228w, https:\/\/unpasdecote.asso.fr\/wp-content\/uploads\/2021\/03\/153622997_3682080471828059_5183584338603994577_n-205x270.jpg 205w, https:\/\/unpasdecote.asso.fr\/wp-content\/uploads\/2021\/03\/153622997_3682080471828059_5183584338603994577_n.jpg 470w\" sizes=\"(max-width: 228px) 100vw, 228px\" \/>L\u2019Atelier De Bric et de Broc ! s<\/b><\/h2><p>Un atelier pour d\u00e9couvrir le travail du bois et autres. R\u00e9alisation collectives et individuelles originales encadr\u00e9es par Julien alias Papy La Palette.<\/p><h2>\u00a0<\/h2><h2><b>Le Fournil ! 3 \u00e0 11 ans<\/b><\/h2><h2 class=\"western\"><b><img loading=\"lazy\" decoding=\"async\" class=\"alignright wp-image-196\" src=\"https:\/\/unpasdecote.asso.fr\/wp-content\/uploads\/2021\/01\/four1-200x300.jpeg\" alt=\"Four \u00e0 bois\" width=\"144\" height=\"216\" srcset=\"https:\/\/unpasdecote.asso.fr\/wp-content\/uploads\/2021\/01\/four1-200x300.jpeg 200w, https:\/\/unpasdecote.asso.fr\/wp-content\/uploads\/2021\/01\/four1-180x270.jpeg 180w, https:\/\/unpasdecote.asso.fr\/wp-content\/uploads\/2021\/01\/four1.jpeg 300w\" sizes=\"(max-width: 144px) 100vw, 144px\" \/><\/b><\/h2><p>Les 9, 16 et 23 et 31 juillet.<\/p><p>Animations autour du four \u00e0 bois : fouaces, pizza, g\u00e2teau, pains\u2026 pr\u00e9paration des p\u00e2tes et leurs garnitures, enfournage et d\u00e9gustation !\u00a0 10 places\/atelier<\/p><\/div><h2><strong>Nature<\/strong><\/h2><div id=\"magicdomid408\" class=\"ace-line\" spellcheck=\"true\" aria-live=\"assertive\"><p>D\u00e9couverte de la biodivesit\u00e9, apiculture, jardinage&#8230;<\/p><p><span class=\"author-a-3z68z8z70zz68zz72zdpjrz77zz87zz66zpz73zs\">\u00a0<\/span><\/p><\/div><div>\u00a0<\/div><div>\u00a0<\/div>\t\t\t\t\t\t\t\t<\/div>\n\t\t\t\t<\/div>\n\t\t\t\t\t<\/div>\n\t\t\t\t<\/div>\n\t\t\t\t<\/div>\n\t\t","protected":false},"excerpt":{"rendered":"<p>Cirque, musique, bricolage, nature, four \u00e0 bois&#8230; ALSH au Chapiteau 2026 !\u00a03-11 ans \u00a0\u00a0T\u00e9l\u00e9chargez la plaquette : ALSH St L\u00e9zin\u00a0L&rsquo;Accueil de Loisirs ouvre ses portes &hellip; <\/p>\n","protected":false},"author":1,"featured_media":0,"parent":0,"menu_order":0,"comment_status":"closed","ping_status":"closed","template":"","meta":{"footnotes":""},"class_list":["post-1994","page","type-page","status-publish","hentry"],"_links":{"self":[{"href":"https:\/\/unpasdecote.asso.fr\/index.php\/wp-json\/wp\/v2\/pages\/1994","targetHints":{"allow":["GET"]}}],"collection":[{"href":"https:\/\/unpasdecote.asso.fr\/index.php\/wp-json\/wp\/v2\/pages"}],"about":[{"href":"https:\/\/unpasdecote.asso.fr\/index.php\/wp-json\/wp\/v2\/types\/page"}],"author":[{"embeddable":true,"href":"https:\/\/unpasdecote.asso.fr\/index.php\/wp-json\/wp\/v2\/users\/1"}],"replies":[{"embeddable":true,"href":"https:\/\/unpasdecote.asso.fr\/index.php\/wp-json\/wp\/v2\/comments?post=1994"}],"version-history":[{"count":39,"href":"https:\/\/unpasdecote.asso.fr\/index.php\/wp-json\/wp\/v2\/pages\/1994\/revisions"}],"predecessor-version":[{"id":2544,"href":"https:\/\/unpasdecote.asso.fr\/index.php\/wp-json\/wp\/v2\/pages\/1994\/revisions\/2544"}],"wp:attachment":[{"href":"https:\/\/unpasdecote.asso.fr\/index.php\/wp-json\/wp\/v2\/media?parent=1994"}],"curies":[{"name":"wp","href":"https:\/\/api.w.org\/{rel}","templated":true}]}}