{"id":737,"date":"2020-12-16T14:31:28","date_gmt":"2020-12-16T13:31:28","guid":{"rendered":"http:\/\/unpasdecote.asso.fr\/?page_id=737"},"modified":"2025-01-14T09:12:05","modified_gmt":"2025-01-14T08:12:05","slug":"accueil-a-la-journee","status":"publish","type":"page","link":"https:\/\/unpasdecote.asso.fr\/index.php\/accueil-a-la-journee\/","title":{"rendered":"Accueil A la Journ\u00e9e"},"content":{"rendered":"\t\t<div data-elementor-type=\"wp-page\" data-elementor-id=\"737\" class=\"elementor elementor-737\">\n\t\t\t\t<div class=\"elementor-element elementor-element-9c08e35 e-flex e-con-boxed e-con e-parent\" data-id=\"9c08e35\" data-element_type=\"container\" data-e-type=\"container\">\n\t\t\t\t\t<div class=\"e-con-inner\">\n\t\t\t\t<div class=\"elementor-element elementor-element-15ce9db6 elementor-widget elementor-widget-text-editor\" data-id=\"15ce9db6\" data-element_type=\"widget\" data-e-type=\"widget\" data-widget_type=\"text-editor.default\">\n\t\t\t\t<div class=\"elementor-widget-container\">\n\t\t\t\t\t\t\t\t\t<h3 style=\"text-align: center;\"><img fetchpriority=\"high\" decoding=\"async\" class=\"alignnone size-full wp-image-1683\" src=\"https:\/\/unpasdecote.asso.fr\/wp-content\/uploads\/2025\/01\/Sans-titre-Publication-Facebook.png\" alt=\"\" width=\"940\" height=\"788\" srcset=\"https:\/\/unpasdecote.asso.fr\/wp-content\/uploads\/2025\/01\/Sans-titre-Publication-Facebook.png 940w, https:\/\/unpasdecote.asso.fr\/wp-content\/uploads\/2025\/01\/Sans-titre-Publication-Facebook-300x251.png 300w, https:\/\/unpasdecote.asso.fr\/wp-content\/uploads\/2025\/01\/Sans-titre-Publication-Facebook-768x644.png 768w, https:\/\/unpasdecote.asso.fr\/wp-content\/uploads\/2025\/01\/Sans-titre-Publication-Facebook-322x270.png 322w\" sizes=\"(max-width: 940px) 100vw, 940px\" \/>Un Pas De C\u00f4t\u00e9 accueille les groupes \u00e0 la journ\u00e9e sous son chapiteau et sur le Domaine Culturel de L&rsquo;Aubance.<\/h3><p style=\"text-align: center;\">Les journ\u00e9es se construisent \u00e0 la carte en fonction des projets de la taille des groupes.<\/p><h1 style=\"text-align: center;\">Les Activit\u00e9s Possibles<\/h1><p><strong>Des ateliers arts du cirque<\/strong><\/p><p>Retrouvez les <a href=\"https:\/\/unpasdecote.asso.fr\/index.php\/interventions-pedagogiques-en-milieu-scolaire\/\">diff\u00e9rentes disciplines des interventions,<\/a> avec du mat\u00e9riel compl\u00e9mentaires<\/p><p><strong>Des spectacles<\/strong><\/p><p>Retrouvez l<a href=\"https:\/\/unpasdecote.asso.fr\/index.php\/category\/production-de-spectacle\/jeune-public-petite-enfance\/\">es spectacles de l&rsquo;association<\/a> sous le chapiteau.<\/p><p><strong>Des ateliers musique <\/strong><\/p><p>Des animations autour de l&rsquo;exposition d\u2019instruments\u00a0 Le Tour Du monde En 80 Sons et de La Bo\u00eete A Son, l\u2019atelier de lutherie sauvage.<\/p><p><strong>Animations fouaces et cuissons alternatives.\u00a0<\/strong><\/p><p>Apprendre \u00e0 faire des fouaces au four \u00e0 bois et des garnitures au rocket stove pour un repas orignal.<\/p><p><strong>L&rsquo;atelier de Bric et de Broc.<\/strong><\/p><p>Des<a href=\"https:\/\/unpasdecote.asso.fr\/index.php\/category\/latelier\/\"> animations bricolage<\/a> pour des petits groupes \u00e0 partir de mat\u00e9riaux de r\u00e9cup\u00e9ration.<\/p><h1 style=\"text-align: center;\"><strong>Le Lieu<\/strong><\/h1><p>Le Domaine Culturel de L&rsquo;Aubance est un grand parc clos, \u00e9quip\u00e9 d&rsquo;un pr\u00e9au, d&rsquo;une cuisine, de sanitaire. L&rsquo;\u00e9tang et le parc de jeu \u00e0 proximit\u00e9 offre un endroit id\u00e9al pour les pique-niques du midi.<\/p><p>Nous portons un attention particuli\u00e8re \u00e0 la protection de l\u2019environnement. Vous trouverez donc au domaine, un chauffe eau solaire, des toilettes s\u00e8ches, des cabanes en \u00e9co-construction, un jardin p\u00e9dagogique,&#8230;<\/p><p><img decoding=\"async\" class=\"alignnone size-full wp-image-145\" src=\"https:\/\/unpasdecote.asso.fr\/wp-content\/uploads\/2020\/11\/domaine.jpeg\" alt=\"\" width=\"1169\" height=\"826\" srcset=\"https:\/\/unpasdecote.asso.fr\/wp-content\/uploads\/2020\/11\/domaine.jpeg 1169w, https:\/\/unpasdecote.asso.fr\/wp-content\/uploads\/2020\/11\/domaine-300x212.jpeg 300w, https:\/\/unpasdecote.asso.fr\/wp-content\/uploads\/2020\/11\/domaine-1024x724.jpeg 1024w, https:\/\/unpasdecote.asso.fr\/wp-content\/uploads\/2020\/11\/domaine-768x543.jpeg 768w, https:\/\/unpasdecote.asso.fr\/wp-content\/uploads\/2020\/11\/domaine-382x270.jpeg 382w\" sizes=\"(max-width: 1169px) 100vw, 1169px\" \/><\/p>\t\t\t\t\t\t\t\t<\/div>\n\t\t\t\t<\/div>\n\t\t\t\t\t<\/div>\n\t\t\t\t<\/div>\n\t\t\t\t<\/div>\n\t\t","protected":false},"excerpt":{"rendered":"<p>Un Pas De C\u00f4t\u00e9 accueille les groupes \u00e0 la journ\u00e9e sous son chapiteau et sur le Domaine Culturel de L&rsquo;Aubance. Les journ\u00e9es se construisent \u00e0 &hellip; <\/p>\n","protected":false},"author":1,"featured_media":59,"parent":0,"menu_order":0,"comment_status":"closed","ping_status":"closed","template":"","meta":{"footnotes":""},"class_list":["post-737","page","type-page","status-publish","has-post-thumbnail","hentry"],"_links":{"self":[{"href":"https:\/\/unpasdecote.asso.fr\/index.php\/wp-json\/wp\/v2\/pages\/737","targetHints":{"allow":["GET"]}}],"collection":[{"href":"https:\/\/unpasdecote.asso.fr\/index.php\/wp-json\/wp\/v2\/pages"}],"about":[{"href":"https:\/\/unpasdecote.asso.fr\/index.php\/wp-json\/wp\/v2\/types\/page"}],"author":[{"embeddable":true,"href":"https:\/\/unpasdecote.asso.fr\/index.php\/wp-json\/wp\/v2\/users\/1"}],"replies":[{"embeddable":true,"href":"https:\/\/unpasdecote.asso.fr\/index.php\/wp-json\/wp\/v2\/comments?post=737"}],"version-history":[{"count":9,"href":"https:\/\/unpasdecote.asso.fr\/index.php\/wp-json\/wp\/v2\/pages\/737\/revisions"}],"predecessor-version":[{"id":1687,"href":"https:\/\/unpasdecote.asso.fr\/index.php\/wp-json\/wp\/v2\/pages\/737\/revisions\/1687"}],"wp:featuredmedia":[{"embeddable":true,"href":"https:\/\/unpasdecote.asso.fr\/index.php\/wp-json\/wp\/v2\/media\/59"}],"wp:attachment":[{"href":"https:\/\/unpasdecote.asso.fr\/index.php\/wp-json\/wp\/v2\/media?parent=737"}],"curies":[{"name":"wp","href":"https:\/\/api.w.org\/{rel}","templated":true}]}}